{"id":11,"date":"2022-02-12T23:20:52","date_gmt":"2022-02-12T23:20:52","guid":{"rendered":"https:\/\/gruene-wurster-nordseekueste.de\/?page_id=11"},"modified":"2025-01-24T16:43:05","modified_gmt":"2025-01-24T16:43:05","slug":"wer-wir-sind","status":"publish","type":"page","link":"https:\/\/gruene-wurster-nordseekueste.de\/?page_id=11","title":{"rendered":"Wir &#8222;WURSTER&#8220;"},"content":{"rendered":"\n<h2 class=\"wp-block-heading\" id=\"die-grundungsmitglieder\"><\/h2>\n\n\n\n<div class=\"wp-block-columns is-layout-flex wp-container-core-columns-is-layout-9d6595d7 wp-block-columns-is-layout-flex\"><\/div>\n\n\n\n<h2 class=\"wp-block-heading\" id=\"mitglieder-im-rat-der-gemeinde-wnk\">Mitglieder im Rat der Gemeinde WNK<\/h2>\n\n\n\n<div class=\"wp-block-columns is-layout-flex wp-container-core-columns-is-layout-9d6595d7 wp-block-columns-is-layout-flex\">\n<div class=\"wp-block-column mb-md-4 is-layout-flow wp-block-column-is-layout-flow\">\n<div class=\"wp-block-columns is-layout-flex wp-container-core-columns-is-layout-9d6595d7 wp-block-columns-is-layout-flex\">\n<div class=\"wp-block-column is-layout-flow wp-block-column-is-layout-flow\">\n<div class=\"wp-block-media-text alignwide is-stacked-on-mobile person has-shadow\"><figure class=\"wp-block-media-text__media\"><img loading=\"lazy\" decoding=\"async\" width=\"800\" height=\"500\" src=\"http:\/\/gruene-wurster-nordseekueste.de\/wp-content\/uploads\/2022\/02\/Anja-Hanke_Gruene-WNK.jpg\" alt=\"\" class=\"wp-image-15 size-full\" srcset=\"https:\/\/gruene-wurster-nordseekueste.de\/wp-content\/uploads\/2022\/02\/Anja-Hanke_Gruene-WNK.jpg 800w, https:\/\/gruene-wurster-nordseekueste.de\/wp-content\/uploads\/2022\/02\/Anja-Hanke_Gruene-WNK-300x188.jpg 300w, https:\/\/gruene-wurster-nordseekueste.de\/wp-content\/uploads\/2022\/02\/Anja-Hanke_Gruene-WNK-768x480.jpg 768w\" sizes=\"auto, (max-width: 800px) 100vw, 800px\" \/><\/figure><div class=\"wp-block-media-text__content\">\n<p class=\"person-name\">Anja Hanke<\/p>\n\n\n\n<p class=\"person-description\">geb. 1978, Architektin und Familienmensch, verheiratet, 2 Kinder<\/p>\n\n\n\n<p class=\"person-mail no-link\"><strong>Stellvertr. Ortsvorsteherin Padingb\u00fcttel<\/strong><\/p>\n\n\n\n<p>Seit 2016 lebe ich mit der Familie in Padingb\u00fcttel \u2014 da, wo andere Urlaub machen.<\/p>\n\n\n\n<p>Ich m\u00f6chte Verantwortung \u00fcbernehmen und mich f\u00fcr eine sozial gerechte und klimafreundliche Politik vor Ort engagieren. Klimagerechtes Bauen, Ausbau einer zukunftsf\u00e4higen Infrastruktur und Erhaltung unserer sch\u00f6nen Landschaft f\u00fcr k\u00fcnftige Generationen sind mir dabei besonders wichtig.<\/p>\n\n\n\n<div class=\"wp-block-group d-flex p-0\"><div class=\"wp-block-group__inner-container is-layout-flow wp-block-group-is-layout-flow\"><\/div><\/div>\n<\/div><\/div>\n<\/div>\n\n\n\n<div class=\"wp-block-column is-layout-flow wp-block-column-is-layout-flow\">\n<div class=\"wp-block-media-text alignwide is-stacked-on-mobile person has-shadow\"><figure class=\"wp-block-media-text__media\"><img loading=\"lazy\" decoding=\"async\" width=\"800\" height=\"500\" src=\"http:\/\/gruene-wurster-nordseekueste.de\/wp-content\/uploads\/2022\/02\/Marius-Richter_Gruene-WNK.jpg\" alt=\"\" class=\"wp-image-21 size-full\" srcset=\"https:\/\/gruene-wurster-nordseekueste.de\/wp-content\/uploads\/2022\/02\/Marius-Richter_Gruene-WNK.jpg 800w, https:\/\/gruene-wurster-nordseekueste.de\/wp-content\/uploads\/2022\/02\/Marius-Richter_Gruene-WNK-300x188.jpg 300w, https:\/\/gruene-wurster-nordseekueste.de\/wp-content\/uploads\/2022\/02\/Marius-Richter_Gruene-WNK-768x480.jpg 768w\" sizes=\"auto, (max-width: 800px) 100vw, 800px\" \/><\/figure><div class=\"wp-block-media-text__content\">\n<p class=\"h4\">Marius Richter<\/p>\n\n\n\n<p>geb. 1976, Zahnarzt, Vater zweier T\u00f6chter von Daria, lebt in Wremen<\/p>\n\n\n\n<p><strong>3. B\u00fcrgermeister GWNK<\/strong><\/p>\n\n\n\n<p>Der Weg in eine zuversichtliche Zukunft beginnt in unserem direktem Umfeld.<\/p>\n\n\n\n<p>Angetrieben werde ich hierbei von dem Bewusstsein, dass jetzt die Zeit des beherzten Handelns, auch und gerade &#8222;imKleinen&#8220; ist, um uns und folgenden Generationen tiefgreifende Lebenseinschr\u00e4nkungen zu ersparen.<\/p>\n\n\n\n<p class=\"no-link\"><\/p>\n\n\n\n<div class=\"wp-block-group d-flex p-0\"><div class=\"wp-block-group__inner-container is-layout-flow wp-block-group-is-layout-flow\"><\/div><\/div>\n<\/div><\/div>\n<\/div>\n<\/div>\n<\/div>\n<\/div>\n\n\n\n<div class=\"wp-block-columns is-layout-flex wp-container-core-columns-is-layout-9d6595d7 wp-block-columns-is-layout-flex\">\n<div class=\"wp-block-column mb-md-4 is-layout-flow wp-block-column-is-layout-flow\">\n<div class=\"wp-block-columns is-layout-flex wp-container-core-columns-is-layout-9d6595d7 wp-block-columns-is-layout-flex\">\n<div class=\"wp-block-column is-layout-flow wp-block-column-is-layout-flow\">\n<div class=\"wp-block-media-text alignwide is-stacked-on-mobile person has-shadow\"><figure class=\"wp-block-media-text__media\"><img loading=\"lazy\" decoding=\"async\" width=\"800\" height=\"500\" src=\"http:\/\/gruene-wurster-nordseekueste.de\/wp-content\/uploads\/2022\/02\/Jan-Hendrik-Sibberns_Gruene-WNK.jpg\" alt=\"\" class=\"wp-image-20 size-full\" srcset=\"https:\/\/gruene-wurster-nordseekueste.de\/wp-content\/uploads\/2022\/02\/Jan-Hendrik-Sibberns_Gruene-WNK.jpg 800w, https:\/\/gruene-wurster-nordseekueste.de\/wp-content\/uploads\/2022\/02\/Jan-Hendrik-Sibberns_Gruene-WNK-300x188.jpg 300w, https:\/\/gruene-wurster-nordseekueste.de\/wp-content\/uploads\/2022\/02\/Jan-Hendrik-Sibberns_Gruene-WNK-768x480.jpg 768w\" sizes=\"auto, (max-width: 800px) 100vw, 800px\" \/><\/figure><div class=\"wp-block-media-text__content\">\n<p class=\"person-name\">Jan-Hendrik Sibberns<\/p>\n\n\n\n<p class=\"person-description\">geb. 1982, Betriebswirt Agrar, verheiratet, Vater von zwei S\u00f6hnen und einer Piratin, lebt in Dorum-Blickhausen<\/p>\n\n\n\n<p class=\"person-description\"><strong>Stellvertr. Ratsvorsitzender,<br>Vorsitzender des Ausschusses f\u00fcr Kultur- und Ehrenamt,<br>Umweltausschuss Landkeis Cuxhaven<\/strong><\/p>\n\n\n\n<p>Ich m\u00f6chte mich f\u00fcr die Menschen in der WNK einsetzen, um die Zukunft hier positiv mitzugestalten.<\/p>\n\n\n\n<div class=\"wp-block-group d-flex p-0\"><div class=\"wp-block-group__inner-container is-layout-flow wp-block-group-is-layout-flow\"><\/div><\/div>\n<\/div><\/div>\n<\/div>\n\n\n\n<div class=\"wp-block-column is-layout-flow wp-block-column-is-layout-flow\">\n<div class=\"wp-block-media-text alignwide is-stacked-on-mobile person has-shadow\"><figure class=\"wp-block-media-text__media\"><img loading=\"lazy\" decoding=\"async\" width=\"800\" height=\"500\" src=\"http:\/\/gruene-wurster-nordseekueste.de\/wp-content\/uploads\/2022\/02\/Heike-Klasen_Gruene-WNK.jpg\" alt=\"\" class=\"wp-image-19 size-full\" srcset=\"https:\/\/gruene-wurster-nordseekueste.de\/wp-content\/uploads\/2022\/02\/Heike-Klasen_Gruene-WNK.jpg 800w, https:\/\/gruene-wurster-nordseekueste.de\/wp-content\/uploads\/2022\/02\/Heike-Klasen_Gruene-WNK-300x188.jpg 300w, https:\/\/gruene-wurster-nordseekueste.de\/wp-content\/uploads\/2022\/02\/Heike-Klasen_Gruene-WNK-768x480.jpg 768w\" sizes=\"auto, (max-width: 800px) 100vw, 800px\" \/><\/figure><div class=\"wp-block-media-text__content\">\n<p class=\"h4\">Heike Klasen<\/p>\n\n\n\n<p>geb. 1964, Pharmazeutisch-technische Assistentin, &#8222;eingefleischte&#8220; Nordholzerin<\/p>\n\n\n\n<p><strong>Stellvertr. B\u00fcrgermeisterin Nordholz,<br>parteilos mitarbeitend f\u00fcr B\u00fcndnis 90\/Gr\u00fcne<\/strong><\/p>\n\n\n\n<p>Ich lebe gef\u00fchlt schon immer in Nordholz.<br>Ich m\u00f6chte mich auch weiterhin f\u00fcr eine gesunde Umwelt und f\u00fcr unsere Kinder einsetzen.<\/p>\n\n\n\n<div class=\"wp-block-group d-flex p-0\"><div class=\"wp-block-group__inner-container is-layout-flow wp-block-group-is-layout-flow\"><\/div><\/div>\n<\/div><\/div>\n<\/div>\n<\/div>\n<\/div>\n<\/div>\n\n\n\n<hr class=\"wp-block-separator has-css-opacity\"\/>\n\n\n\n<h2 class=\"wp-block-heading\" id=\"ortsrate\">Ortsr\u00e4te Gemeinde GWNK<\/h2>\n\n\n\n<div class=\"wp-block-columns is-layout-flex wp-container-core-columns-is-layout-9d6595d7 wp-block-columns-is-layout-flex\">\n<div class=\"wp-block-column mb-md-4 is-layout-flow wp-block-column-is-layout-flow\">\n<div class=\"wp-block-columns is-layout-flex wp-container-core-columns-is-layout-9d6595d7 wp-block-columns-is-layout-flex\">\n<div class=\"wp-block-column is-layout-flow wp-block-column-is-layout-flow\">\n<div class=\"wp-block-media-text alignwide is-stacked-on-mobile person has-shadow\"><figure class=\"wp-block-media-text__media\"><img loading=\"lazy\" decoding=\"async\" width=\"800\" height=\"500\" src=\"http:\/\/gruene-wurster-nordseekueste.de\/wp-content\/uploads\/2022\/02\/Marius-Richter_Gruene-WNK.jpg\" alt=\"\" class=\"wp-image-21 size-full\" srcset=\"https:\/\/gruene-wurster-nordseekueste.de\/wp-content\/uploads\/2022\/02\/Marius-Richter_Gruene-WNK.jpg 800w, https:\/\/gruene-wurster-nordseekueste.de\/wp-content\/uploads\/2022\/02\/Marius-Richter_Gruene-WNK-300x188.jpg 300w, https:\/\/gruene-wurster-nordseekueste.de\/wp-content\/uploads\/2022\/02\/Marius-Richter_Gruene-WNK-768x480.jpg 768w\" sizes=\"auto, (max-width: 800px) 100vw, 800px\" \/><\/figure><div class=\"wp-block-media-text__content\">\n<p class=\"person-name\">Marius Richter<\/p>\n\n\n\n<p class=\"person-description\"><strong>Ortsrat Wremen<\/strong><\/p>\n\n\n\n<div class=\"wp-block-group d-flex p-0\"><div class=\"wp-block-group__inner-container is-layout-flow wp-block-group-is-layout-flow\"><\/div><\/div>\n<\/div><\/div>\n<\/div>\n\n\n\n<div class=\"wp-block-column is-layout-flow wp-block-column-is-layout-flow\">\n<div class=\"wp-block-media-text alignwide is-stacked-on-mobile person has-shadow\"><figure class=\"wp-block-media-text__media\"><img loading=\"lazy\" decoding=\"async\" width=\"800\" height=\"500\" src=\"http:\/\/gruene-wurster-nordseekueste.de\/wp-content\/uploads\/2022\/02\/Anja-Hanke_Gruene-WNK.jpg\" alt=\"\" class=\"wp-image-15 size-full\" srcset=\"https:\/\/gruene-wurster-nordseekueste.de\/wp-content\/uploads\/2022\/02\/Anja-Hanke_Gruene-WNK.jpg 800w, https:\/\/gruene-wurster-nordseekueste.de\/wp-content\/uploads\/2022\/02\/Anja-Hanke_Gruene-WNK-300x188.jpg 300w, https:\/\/gruene-wurster-nordseekueste.de\/wp-content\/uploads\/2022\/02\/Anja-Hanke_Gruene-WNK-768x480.jpg 768w\" sizes=\"auto, (max-width: 800px) 100vw, 800px\" \/><\/figure><div class=\"wp-block-media-text__content\">\n<p class=\"h4\">Anja Hanke<\/p>\n\n\n\n<p><strong>stellvertr. Ortvorsteherin Padingb\u00fcttel<\/strong><\/p>\n\n\n\n<p class=\"no-link\"><\/p>\n\n\n\n<div class=\"wp-block-group d-flex p-0\"><div class=\"wp-block-group__inner-container is-layout-flow wp-block-group-is-layout-flow\"><\/div><\/div>\n<\/div><\/div>\n\n\n\n<p><\/p>\n<\/div>\n\n\n\n<div class=\"wp-block-column is-layout-flow wp-block-column-is-layout-flow\">\n<p><\/p>\n<\/div>\n<\/div>\n<\/div>\n<\/div>\n\n\n\n<div class=\"wp-block-columns is-layout-flex wp-container-core-columns-is-layout-9d6595d7 wp-block-columns-is-layout-flex\">\n<div class=\"wp-block-column mb-md-4 is-layout-flow wp-block-column-is-layout-flow\">\n<div class=\"wp-block-columns is-layout-flex wp-container-core-columns-is-layout-9d6595d7 wp-block-columns-is-layout-flex\">\n<div class=\"wp-block-column is-layout-flow wp-block-column-is-layout-flow\"><\/div>\n\n\n\n<div class=\"wp-block-column is-layout-flow wp-block-column-is-layout-flow\">\n<div class=\"wp-block-media-text alignwide is-stacked-on-mobile person has-shadow\"><figure class=\"wp-block-media-text__media\"><img loading=\"lazy\" decoding=\"async\" width=\"800\" height=\"500\" src=\"http:\/\/gruene-wurster-nordseekueste.de\/wp-content\/uploads\/2022\/02\/Jan-Hendrik-Sibberns_Gruene-WNK.jpg\" alt=\"\" class=\"wp-image-20 size-full\" srcset=\"https:\/\/gruene-wurster-nordseekueste.de\/wp-content\/uploads\/2022\/02\/Jan-Hendrik-Sibberns_Gruene-WNK.jpg 800w, https:\/\/gruene-wurster-nordseekueste.de\/wp-content\/uploads\/2022\/02\/Jan-Hendrik-Sibberns_Gruene-WNK-300x188.jpg 300w, https:\/\/gruene-wurster-nordseekueste.de\/wp-content\/uploads\/2022\/02\/Jan-Hendrik-Sibberns_Gruene-WNK-768x480.jpg 768w\" sizes=\"auto, (max-width: 800px) 100vw, 800px\" \/><\/figure><div class=\"wp-block-media-text__content\">\n<p class=\"h4\">Jan-Hendrik Sibberns<\/p>\n\n\n\n<p><strong>Ortsrat Dorum<\/strong><\/p>\n\n\n\n<p class=\"no-link\"><strong>Vorstand B\u00fcndnis 90\/Gr\u00fcne OV Wurster Nordseek\u00fcste<\/strong><\/p>\n\n\n\n<div class=\"wp-block-group d-flex p-0\"><div class=\"wp-block-group__inner-container is-layout-flow wp-block-group-is-layout-flow\"><\/div><\/div>\n<\/div><\/div>\n\n\n\n<p><\/p>\n<\/div>\n\n\n\n<div class=\"wp-block-column is-layout-flow wp-block-column-is-layout-flow\">\n<div class=\"wp-block-media-text alignwide is-stacked-on-mobile person has-shadow\"><figure class=\"wp-block-media-text__media\"><img loading=\"lazy\" decoding=\"async\" width=\"800\" height=\"500\" src=\"http:\/\/gruene-wurster-nordseekueste.de\/wp-content\/uploads\/2022\/02\/Heike-Klasen_Gruene-WNK.jpg\" alt=\"\" class=\"wp-image-19 size-full\" srcset=\"https:\/\/gruene-wurster-nordseekueste.de\/wp-content\/uploads\/2022\/02\/Heike-Klasen_Gruene-WNK.jpg 800w, https:\/\/gruene-wurster-nordseekueste.de\/wp-content\/uploads\/2022\/02\/Heike-Klasen_Gruene-WNK-300x188.jpg 300w, https:\/\/gruene-wurster-nordseekueste.de\/wp-content\/uploads\/2022\/02\/Heike-Klasen_Gruene-WNK-768x480.jpg 768w\" sizes=\"auto, (max-width: 800px) 100vw, 800px\" \/><\/figure><div class=\"wp-block-media-text__content\">\n<p class=\"h4\">Heike Klasen<\/p>\n\n\n\n<p><strong>stellv. Ortsb\u00fcrgermeisterin Nordholz<\/strong><\/p>\n\n\n\n<p><\/p>\n\n\n\n<p><br><strong>Ortsr\u00e4tin Nordholz<\/strong><\/p>\n\n\n\n<div class=\"wp-block-group d-flex p-0\"><div class=\"wp-block-group__inner-container is-layout-flow wp-block-group-is-layout-flow\"><\/div><\/div>\n<\/div><\/div>\n\n\n\n<p><\/p>\n<\/div>\n<\/div>\n<\/div>\n<\/div>\n\n\n\n<hr class=\"wp-block-separator has-css-opacity\"\/>\n\n\n\n<h2 class=\"wp-block-heading\" id=\"kooptierte-mitglieder-im-rat-der-gemeinde-wnk\">Kooptierte Mitglieder im Rat der Gemeinde WNK:<\/h2>\n\n\n\n<div class=\"wp-block-columns is-layout-flex wp-container-core-columns-is-layout-9d6595d7 wp-block-columns-is-layout-flex\">\n<div class=\"wp-block-column mb-md-4 is-layout-flow wp-block-column-is-layout-flow\">\n<div class=\"wp-block-columns is-layout-flex wp-container-core-columns-is-layout-9d6595d7 wp-block-columns-is-layout-flex\">\n<div class=\"wp-block-column is-layout-flow wp-block-column-is-layout-flow\">\n<div class=\"wp-block-media-text alignwide is-stacked-on-mobile person has-shadow\"><figure class=\"wp-block-media-text__media\"><img loading=\"lazy\" decoding=\"async\" width=\"800\" height=\"500\" src=\"http:\/\/gruene-wurster-nordseekueste.de\/wp-content\/uploads\/2022\/02\/Eva-Isabelle-Jonsson_Gruene-WNK.jpg\" alt=\"\" class=\"wp-image-17 size-full\" srcset=\"https:\/\/gruene-wurster-nordseekueste.de\/wp-content\/uploads\/2022\/02\/Eva-Isabelle-Jonsson_Gruene-WNK.jpg 800w, https:\/\/gruene-wurster-nordseekueste.de\/wp-content\/uploads\/2022\/02\/Eva-Isabelle-Jonsson_Gruene-WNK-300x188.jpg 300w, https:\/\/gruene-wurster-nordseekueste.de\/wp-content\/uploads\/2022\/02\/Eva-Isabelle-Jonsson_Gruene-WNK-768x480.jpg 768w\" sizes=\"auto, (max-width: 800px) 100vw, 800px\" \/><\/figure><div class=\"wp-block-media-text__content\">\n<p class=\"person-name\">Eva-Isabell Warneke<br><\/p>\n\n\n\n<p class=\"person-description\">geb. 1982, G\u00e4rtnerin im Garten\u2013 und Landschaftsbau, verheiratet, lebt in Nordholz<\/p>\n\n\n\n<p><strong>Vorstand B\u00fcndnis 90\/Gr\u00fcne OV Wurster Nordseek\u00fcste<\/strong><\/p>\n\n\n\n<p class=\"person-mail no-link\"><strong>Mitglied der Initiative &#8222;<strong>Mitglied im Verein &#8222;Neue Pfade Nachhaltig leben in Wurster Nordseek\u00fcste e.V.&#8220;<\/strong><br><\/strong><\/p>\n\n\n\n<p><strong><br>Ausschuss Kultur und Ehrenamt<\/strong><\/p>\n\n\n\n<div class=\"wp-block-group d-flex p-0\"><div class=\"wp-block-group__inner-container is-layout-flow wp-block-group-is-layout-flow\">\n<p>Ich bin ein Kind der Gemeinde WNK und m\u00f6chte im Rat der Gemeinde mitwirken, um der n\u00e4chsten Generation eine gesunde Umwelt mit reicher Artenvielfalt zu erhalten.<\/p>\n<\/div><\/div>\n<\/div><\/div>\n<\/div>\n\n\n\n<div class=\"wp-block-column is-layout-flow wp-block-column-is-layout-flow\">\n<div class=\"wp-block-media-text alignwide is-stacked-on-mobile person has-shadow\"><figure class=\"wp-block-media-text__media\"><img loading=\"lazy\" decoding=\"async\" width=\"1024\" height=\"683\" src=\"http:\/\/gruene-wurster-nordseekueste.de\/wp-content\/uploads\/2022\/02\/sunflower-3536155_1920-1024x683.jpg\" alt=\"\" class=\"wp-image-35 size-full\" srcset=\"https:\/\/gruene-wurster-nordseekueste.de\/wp-content\/uploads\/2022\/02\/sunflower-3536155_1920-1024x683.jpg 1024w, https:\/\/gruene-wurster-nordseekueste.de\/wp-content\/uploads\/2022\/02\/sunflower-3536155_1920-300x200.jpg 300w, https:\/\/gruene-wurster-nordseekueste.de\/wp-content\/uploads\/2022\/02\/sunflower-3536155_1920-768x512.jpg 768w, https:\/\/gruene-wurster-nordseekueste.de\/wp-content\/uploads\/2022\/02\/sunflower-3536155_1920-1536x1024.jpg 1536w, https:\/\/gruene-wurster-nordseekueste.de\/wp-content\/uploads\/2022\/02\/sunflower-3536155_1920.jpg 1920w\" sizes=\"auto, (max-width: 1024px) 100vw, 1024px\" \/><\/figure><div class=\"wp-block-media-text__content\">\n<p class=\"h4\">Claudia Bei\u00dfbarth-Walther<\/p>\n\n\n\n<p>geb. 1966, 3 erwachsene Kinder, Krankenschwester f\u00fcr An\u00e4sthesie und Intensivpflege, verheiratet, lebt in Nordholz.<\/p>\n\n\n\n<p><strong><br>Seniorenbeirat GWNK<\/strong><\/p>\n\n\n\n<div class=\"wp-block-buttons is-layout-flex wp-block-buttons-is-layout-flex\">\n<div class=\"wp-block-button\"><a class=\"wp-block-button__link wp-element-button\" href=\"https:\/\/www.cuxverein.de\/\">cuxverein.de<\/a><\/div>\n<\/div>\n\n\n\n<div class=\"wp-block-group d-flex p-0\"><div class=\"wp-block-group__inner-container is-layout-flow wp-block-group-is-layout-flow\">\n<p>Ich setze mich gerne daf\u00fcr ein, dass die Jugendarbeit in der GWNK gef\u00f6rdert wird und ebenso auch die \u00e4ltere Generation eine gute Infrastruktur mit nachhaltiger und barrierefreier Mobilit\u00e4t bekommt.<\/p>\n<\/div><\/div>\n<\/div><\/div>\n<\/div>\n<\/div>\n<\/div>\n<\/div>\n\n\n\n<div class=\"wp-block-columns is-layout-flex wp-container-core-columns-is-layout-9d6595d7 wp-block-columns-is-layout-flex\">\n<div class=\"wp-block-column is-layout-flow wp-block-column-is-layout-flow\">\n<hr class=\"wp-block-separator has-css-opacity\"\/>\n<\/div>\n<\/div>\n\n\n\n<h2 class=\"wp-block-heading\">Wer hat den Hut auf<\/h2>\n\n\n\n<div class=\"wp-block-columns is-layout-flex wp-container-core-columns-is-layout-9d6595d7 wp-block-columns-is-layout-flex\">\n<div class=\"wp-block-column mb-md-4 is-layout-flow wp-block-column-is-layout-flow\">\n<div class=\"wp-block-columns is-layout-flex wp-container-core-columns-is-layout-9d6595d7 wp-block-columns-is-layout-flex\">\n<div class=\"wp-block-column is-layout-flow wp-block-column-is-layout-flow\">\n<div class=\"wp-block-media-text is-stacked-on-mobile is-vertically-aligned-center person has-shadow\" style=\"grid-template-columns:85% auto\"><figure class=\"wp-block-media-text__media\"><img loading=\"lazy\" decoding=\"async\" width=\"1024\" height=\"674\" src=\"http:\/\/gruene-wurster-nordseekueste.de\/wp-content\/uploads\/2025\/01\/GRUeNE-08-24-CeliArtstudio-19-von-266-klein-1024x674.jpg\" alt=\"\" class=\"wp-image-687 size-full\" srcset=\"https:\/\/gruene-wurster-nordseekueste.de\/wp-content\/uploads\/2025\/01\/GRUeNE-08-24-CeliArtstudio-19-von-266-klein-1024x674.jpg 1024w, https:\/\/gruene-wurster-nordseekueste.de\/wp-content\/uploads\/2025\/01\/GRUeNE-08-24-CeliArtstudio-19-von-266-klein-300x198.jpg 300w, https:\/\/gruene-wurster-nordseekueste.de\/wp-content\/uploads\/2025\/01\/GRUeNE-08-24-CeliArtstudio-19-von-266-klein-768x506.jpg 768w, https:\/\/gruene-wurster-nordseekueste.de\/wp-content\/uploads\/2025\/01\/GRUeNE-08-24-CeliArtstudio-19-von-266-klein-1536x1011.jpg 1536w, https:\/\/gruene-wurster-nordseekueste.de\/wp-content\/uploads\/2025\/01\/GRUeNE-08-24-CeliArtstudio-19-von-266-klein.jpg 1865w\" sizes=\"auto, (max-width: 1024px) 100vw, 1024px\" \/><\/figure><div class=\"wp-block-media-text__content\">\n<p><strong>Gesa Langlo <\/strong><\/p>\n\n\n\n<p><strong>Vorstand B\u00fcndnis 90\/Gr\u00fcne OV Wurster Nordseek\u00fcste<\/strong><\/p>\n\n\n\n<p><strong>Eva-Isabell Warneke<\/strong> <strong>Vorstand B\u00fcndnis 90\/Gr\u00fcne OV Wurster Nordseek\u00fcste<\/strong><\/p>\n\n\n\n<div class=\"wp-block-group d-flex p-0 is-nowrap is-layout-flex wp-container-core-group-is-layout-ad2f72ca wp-block-group-is-layout-flex\">\n<p><strong>Jan-Hendrik Sibberns<\/strong>  <strong>Vorstand B\u00fcndnis 90\/Gr\u00fcne OV Wurster Nordseek\u00fcste<\/strong> <\/p>\n<\/div>\n<\/div><\/div>\n<\/div>\n<\/div>\n<\/div>\n<\/div>\n\n\n\n<p><\/p>\n\n\n\n<div class=\"wp-block-columns is-layout-flex wp-container-core-columns-is-layout-9d6595d7 wp-block-columns-is-layout-flex\">\n<div class=\"wp-block-column mb-md-4 is-layout-flow wp-block-column-is-layout-flow\">\n<div class=\"wp-block-columns is-layout-flex wp-container-core-columns-is-layout-9d6595d7 wp-block-columns-is-layout-flex\">\n<div class=\"wp-block-column is-layout-flow wp-block-column-is-layout-flow\"><\/div>\n\n\n\n<div class=\"wp-block-column is-layout-flow wp-block-column-is-layout-flow\"><\/div>\n<\/div>\n<\/div>\n<\/div>\n\n\n\n<div class=\"wp-block-columns is-layout-flex wp-container-core-columns-is-layout-9d6595d7 wp-block-columns-is-layout-flex\">\n<div class=\"wp-block-column mb-md-4 is-layout-flow wp-block-column-is-layout-flow\">\n<div class=\"wp-block-columns is-layout-flex wp-container-core-columns-is-layout-9d6595d7 wp-block-columns-is-layout-flex\">\n<div class=\"wp-block-column is-layout-flow wp-block-column-is-layout-flow\"><\/div>\n\n\n\n<div class=\"wp-block-column is-layout-flow wp-block-column-is-layout-flow\"><\/div>\n<\/div>\n<\/div>\n<\/div>\n","protected":false},"excerpt":{"rendered":"<p>Mitglieder im Rat der Gemeinde WNK Anja Hanke geb. 1978, Architektin und Familienmensch, verheiratet, 2 Kinder Stellvertr. Ortsvorsteherin Padingb\u00fcttel Seit 2016 lebe ich mit der Familie in Padingb\u00fcttel \u2014 da,\u2026<\/p>\n","protected":false},"author":1,"featured_media":0,"parent":0,"menu_order":0,"comment_status":"closed","ping_status":"closed","template":"","meta":{"footnotes":""},"class_list":["post-11","page","type-page","status-publish","hentry"],"_links":{"self":[{"href":"https:\/\/gruene-wurster-nordseekueste.de\/index.php?rest_route=\/wp\/v2\/pages\/11","targetHints":{"allow":["GET"]}}],"collection":[{"href":"https:\/\/gruene-wurster-nordseekueste.de\/index.php?rest_route=\/wp\/v2\/pages"}],"about":[{"href":"https:\/\/gruene-wurster-nordseekueste.de\/index.php?rest_route=\/wp\/v2\/types\/page"}],"author":[{"embeddable":true,"href":"https:\/\/gruene-wurster-nordseekueste.de\/index.php?rest_route=\/wp\/v2\/users\/1"}],"replies":[{"embeddable":true,"href":"https:\/\/gruene-wurster-nordseekueste.de\/index.php?rest_route=%2Fwp%2Fv2%2Fcomments&post=11"}],"version-history":[{"count":74,"href":"https:\/\/gruene-wurster-nordseekueste.de\/index.php?rest_route=\/wp\/v2\/pages\/11\/revisions"}],"predecessor-version":[{"id":790,"href":"https:\/\/gruene-wurster-nordseekueste.de\/index.php?rest_route=\/wp\/v2\/pages\/11\/revisions\/790"}],"wp:attachment":[{"href":"https:\/\/gruene-wurster-nordseekueste.de\/index.php?rest_route=%2Fwp%2Fv2%2Fmedia&parent=11"}],"curies":[{"name":"wp","href":"https:\/\/api.w.org\/{rel}","templated":true}]}}